{"id":54,"date":"2024-10-11T17:49:18","date_gmt":"2024-10-11T17:49:18","guid":{"rendered":"https:\/\/controlsit.mx\/?page_id=54"},"modified":"2024-10-11T17:49:18","modified_gmt":"2024-10-11T17:49:18","slug":"caus-ticket","status":"publish","type":"page","link":"https:\/\/controlsit.mx\/?page_id=54","title":{"rendered":"CAUS &amp; Ticket"},"content":{"rendered":"\n<div style=\"height:100px\" aria-hidden=\"true\" class=\"wp-block-spacer\"><\/div>\n\n\n\n<div class=\"wp-block-columns is-layout-flex wp-container-core-columns-is-layout-1 wp-block-columns-is-layout-flex\">\n<div class=\"wp-block-column is-layout-flow wp-block-column-is-layout-flow\">\n<figure class=\"wp-block-image size-full size-large\"><img loading=\"lazy\" decoding=\"async\" width=\"843\" height=\"725\" src=\"https:\/\/controlsit.mx\/wp-content\/uploads\/2024\/10\/Captura-de-pantalla-2024-10-11-114438.png\" alt=\"\" class=\"wp-image-55\" srcset=\"https:\/\/controlsit.mx\/wp-content\/uploads\/2024\/10\/Captura-de-pantalla-2024-10-11-114438.png 843w, https:\/\/controlsit.mx\/wp-content\/uploads\/2024\/10\/Captura-de-pantalla-2024-10-11-114438-300x258.png 300w, https:\/\/controlsit.mx\/wp-content\/uploads\/2024\/10\/Captura-de-pantalla-2024-10-11-114438-768x660.png 768w\" sizes=\"(max-width: 767px) 89vw, (max-width: 1000px) 54vw, (max-width: 1071px) 543px, 580px\" \/><\/figure>\n\n\n\n<h2 class=\"wp-block-heading has-black-color has-text-color\" style=\"font-size:45px\">Ticket TI<\/h2>\n\n\n\n<p class=\"has-black-color has-text-color\" style=\"line-height:1.8\">Ticket para atenci\u00f3n por parte del \u00e1rea de Tecnolog\u00edas de la Informaci\u00f3n<\/p>\n\n\n\n<ul class=\"wp-block-list\">\n<li>Internet<\/li>\n\n\n\n<li>Telefon\u00eda<\/li>\n\n\n\n<li>SCRIT<\/li>\n\n\n\n<li>Eventos<\/li>\n<\/ul>\n\n\n\n<p style=\"line-height:3\"><a href=\"https:\/\/caus.teleton.org\/\" target=\"_blank\" rel=\"noreferrer noopener\">Levantar Ticket \u2192<\/a><\/p>\n<\/div>\n\n\n\n<div class=\"wp-block-column is-layout-flow wp-block-column-is-layout-flow\">\n<div style=\"height:254px\" aria-hidden=\"true\" class=\"wp-block-spacer\"><\/div>\n\n\n\n<figure class=\"wp-block-image size-large\"><a href=\"https:\/\/teletonintranetorg.sharepoint.com\/sites\/CRITHGOcausrm\/SitePages\/Inicio.aspx\"><img loading=\"lazy\" decoding=\"async\" width=\"1024\" height=\"612\" src=\"https:\/\/controlsit.mx\/wp-content\/uploads\/2024\/10\/Captura-de-pantalla-2024-10-11-114837-1024x612.png\" alt=\"\" class=\"wp-image-56\" srcset=\"https:\/\/controlsit.mx\/wp-content\/uploads\/2024\/10\/Captura-de-pantalla-2024-10-11-114837-1024x612.png 1024w, https:\/\/controlsit.mx\/wp-content\/uploads\/2024\/10\/Captura-de-pantalla-2024-10-11-114837-300x179.png 300w, https:\/\/controlsit.mx\/wp-content\/uploads\/2024\/10\/Captura-de-pantalla-2024-10-11-114837-768x459.png 768w, https:\/\/controlsit.mx\/wp-content\/uploads\/2024\/10\/Captura-de-pantalla-2024-10-11-114837.png 1426w\" sizes=\"(max-width: 767px) 89vw, (max-width: 1000px) 54vw, (max-width: 1071px) 543px, 580px\" \/><\/a><\/figure>\n\n\n\n<h2 class=\"wp-block-heading has-black-color has-text-color\" style=\"font-size:45px\">CAUS RM<\/h2>\n\n\n\n<p class=\"has-black-color has-text-color\" style=\"line-height:1.8\">CAUS para atenci\u00f3n por parte de Recursos Materiales.<\/p>\n\n\n\n<ul class=\"wp-block-list\">\n<li>Infraestructura del CRIT<\/li>\n\n\n\n<li>Instalaci\u00f3n el\u00e9ctrica<\/li>\n\n\n\n<li>Mobiliario<\/li>\n\n\n\n<li>Mensajer\u00eda y paqueter\u00eda<\/li>\n<\/ul>\n\n\n\n<p style=\"line-height:3.0\"><a href=\"https:\/\/teletonintranetorg.sharepoint.com\/sites\/CRITHGOcausrm\/SitePages\/Inicio.aspx\">Levantar CAUS RM \u2192<\/a><\/p>\n<\/div>\n<\/div>\n\n\n\n<p><\/p>\n","protected":false},"excerpt":{"rendered":"<p>Ticket TI Ticket para atenci\u00f3n por parte del \u00e1rea de Tecnolog\u00edas de la Informaci\u00f3n Levantar Ticket \u2192 CAUS RM CAUS para atenci\u00f3n por parte de Recursos Materiales. Levantar CAUS RM \u2192<\/p>\n","protected":false},"author":1,"featured_media":0,"parent":0,"menu_order":0,"comment_status":"closed","ping_status":"closed","template":"","meta":{"footnotes":""},"class_list":["post-54","page","type-page","status-publish","hentry"],"_links":{"self":[{"href":"https:\/\/controlsit.mx\/index.php?rest_route=\/wp\/v2\/pages\/54"}],"collection":[{"href":"https:\/\/controlsit.mx\/index.php?rest_route=\/wp\/v2\/pages"}],"about":[{"href":"https:\/\/controlsit.mx\/index.php?rest_route=\/wp\/v2\/types\/page"}],"author":[{"embeddable":true,"href":"https:\/\/controlsit.mx\/index.php?rest_route=\/wp\/v2\/users\/1"}],"replies":[{"embeddable":true,"href":"https:\/\/controlsit.mx\/index.php?rest_route=%2Fwp%2Fv2%2Fcomments&post=54"}],"version-history":[{"count":1,"href":"https:\/\/controlsit.mx\/index.php?rest_route=\/wp\/v2\/pages\/54\/revisions"}],"predecessor-version":[{"id":57,"href":"https:\/\/controlsit.mx\/index.php?rest_route=\/wp\/v2\/pages\/54\/revisions\/57"}],"wp:attachment":[{"href":"https:\/\/controlsit.mx\/index.php?rest_route=%2Fwp%2Fv2%2Fmedia&parent=54"}],"curies":[{"name":"wp","href":"https:\/\/api.w.org\/{rel}","templated":true}]}}